{"id":46,"date":"2019-08-10T17:42:45","date_gmt":"2019-08-10T15:42:45","guid":{"rendered":"http:\/\/127.0.0.1\/galerie-nadal-olivie-v2\/?page_id=46"},"modified":"2025-08-11T08:17:07","modified_gmt":"2025-08-11T06:17:07","slug":"cours-de-peinture-abstraite-au-couteau-a-biot","status":"publish","type":"page","link":"https:\/\/galerie-nadal-olivie.fr\/en\/cours-de-peinture-abstraite-au-couteau-a-biot\/","title":{"rendered":"cours de peinture abstraite au couteau \u00e0 biot\u200b"},"content":{"rendered":"<div data-elementor-type=\"wp-post\" data-elementor-id=\"46\" class=\"elementor elementor-46\" data-elementor-post-type=\"page\">\n\t\t\t\t\t\t<section class=\"elementor-section elementor-top-section elementor-element elementor-element-df0a98e elementor-section-boxed elementor-section-height-default elementor-section-height-default\" data-id=\"df0a98e\" data-element_type=\"section\" data-e-type=\"section\">\n\t\t\t\t\t\t<div class=\"elementor-container elementor-column-gap-default\">\n\t\t\t\t\t<div class=\"elementor-column elementor-col-100 elementor-top-column elementor-element elementor-element-ec56d04\" data-id=\"ec56d04\" data-element_type=\"column\" data-e-type=\"column\">\n\t\t\t<div class=\"elementor-widget-wrap elementor-element-populated\">\n\t\t\t\t\t\t<div class=\"elementor-element elementor-element-8215fc3 elementor-widget elementor-widget-heading\" data-id=\"8215fc3\" data-element_type=\"widget\" data-e-type=\"widget\" data-widget_type=\"heading.default\">\n\t\t\t\t<div class=\"elementor-widget-container\">\n\t\t\t\t\t<h1 class=\"elementor-heading-title elementor-size-default\">abstract painting course with knife in Biot<\/h1>\t\t\t\t<\/div>\n\t\t\t\t<\/div>\n\t\t\t\t\t<\/div>\n\t\t<\/div>\n\t\t\t\t\t<\/div>\n\t\t<\/section>\n\t\t<div class=\"elementor-element elementor-element-d751d2b e-con-full e-flex e-con e-parent\" data-id=\"d751d2b\" data-element_type=\"container\" data-e-type=\"container\">\n\t\t<div class=\"elementor-element elementor-element-c490778 e-con-full e-flex e-con e-child\" data-id=\"c490778\" data-element_type=\"container\" data-e-type=\"container\" data-settings=\"{&quot;background_background&quot;:&quot;classic&quot;}\">\n\t\t\t\t<\/div>\n\t\t<div class=\"elementor-element elementor-element-66e990e e-con-full e-flex e-con e-child\" data-id=\"66e990e\" data-element_type=\"container\" data-e-type=\"container\">\n\t\t\t\t<div class=\"elementor-element elementor-element-aa91a01 elementor-widget elementor-widget-heading\" data-id=\"aa91a01\" data-element_type=\"widget\" data-e-type=\"widget\" data-widget_type=\"heading.default\">\n\t\t\t\t<div class=\"elementor-widget-container\">\n\t\t\t\t\t<h2 class=\"elementor-heading-title elementor-size-default\">Learn to paint with a knife and discover Abstract Art.<\/h2>\t\t\t\t<\/div>\n\t\t\t\t<\/div>\n\t\t\t\t<div class=\"elementor-element elementor-element-310cb3f elementor-widget elementor-widget-text-editor\" data-id=\"310cb3f\" data-element_type=\"widget\" data-e-type=\"widget\" data-widget_type=\"text-editor.default\">\n\t\t\t\t<div class=\"elementor-widget-container\">\n\t\t\t\t\t\t\t\t\t<p><b>Private individual course<\/b><\/p><p>Nathalie Nadal-Olivi\u00e9, a painter, offers her Painter Nathalie Nadal-Olivi\u00e9, offers her abstract painting classes with a knife  in biot in her Workshop \/ Art Gallery.<\/p><p>By following the advice of the Painter installed in Biot, you will discover the immense resources that are in you, allowing your imagination to take control of your creativity.<\/p><p>Passionate about the original techniques of the Knife of the Artist Painter from Biot, you will learn to sublimate the shapes and colors to project out a work from yourself.<\/p><p>Gradually, at your own pace you will see progress increase and as your style is defined, stronger and safer.<\/p>\t\t\t\t\t\t\t\t<\/div>\n\t\t\t\t<\/div>\n\t\t\t\t<div class=\"elementor-element elementor-element-2e24316 elementor-align-center elementor-widget elementor-widget-button\" data-id=\"2e24316\" data-element_type=\"widget\" data-e-type=\"widget\" data-widget_type=\"button.default\">\n\t\t\t\t<div class=\"elementor-widget-container\">\n\t\t\t\t\t\t\t\t\t<div class=\"elementor-button-wrapper\">\n\t\t\t\t\t<a class=\"elementor-button elementor-button-link elementor-size-lg\" href=\"https:\/\/galerie-nadal-olivie.fr\/en\/contact\/\">\n\t\t\t\t\t\t<span class=\"elementor-button-content-wrapper\">\n\t\t\t\t\t\t<span class=\"elementor-button-icon\">\n\t\t\t\t<i aria-hidden=\"true\" class=\"fas fa-calendar-alt\"><\/i>\t\t\t<\/span>\n\t\t\t\t\t\t\t\t\t<span class=\"elementor-button-text\">Book a lesson<\/span>\n\t\t\t\t\t<\/span>\n\t\t\t\t\t<\/a>\n\t\t\t\t<\/div>\n\t\t\t\t\t\t\t\t<\/div>\n\t\t\t\t<\/div>\n\t\t<div class=\"elementor-element elementor-element-7221a47 e-con-full e-flex e-con e-child\" data-id=\"7221a47\" data-element_type=\"container\" data-e-type=\"container\">\n\t\t\t\t<div class=\"elementor-element elementor-element-84f19b8 elementor-widget__width-initial elementor-widget elementor-widget-image\" data-id=\"84f19b8\" data-element_type=\"widget\" data-e-type=\"widget\" data-widget_type=\"image.default\">\n\t\t\t\t<div class=\"elementor-widget-container\">\n\t\t\t\t\t\t\t\t\t\t\t\t\t\t\t<img fetchpriority=\"high\" decoding=\"async\" width=\"619\" height=\"1100\" src=\"https:\/\/galerie-nadal-olivie.fr\/wp-content\/uploads\/2019\/08\/IMG_20190808_113033-1.jpg\" class=\"attachment-full size-full wp-image-173\" alt=\"\" srcset=\"https:\/\/galerie-nadal-olivie.fr\/wp-content\/uploads\/2019\/08\/IMG_20190808_113033-1.jpg 619w, https:\/\/galerie-nadal-olivie.fr\/wp-content\/uploads\/2019\/08\/IMG_20190808_113033-1-169x300.jpg 169w, https:\/\/galerie-nadal-olivie.fr\/wp-content\/uploads\/2019\/08\/IMG_20190808_113033-1-576x1024.jpg 576w\" sizes=\"(max-width: 619px) 100vw, 619px\" \/>\t\t\t\t\t\t\t\t\t\t\t\t\t\t\t<\/div>\n\t\t\t\t<\/div>\n\t\t\t\t<div class=\"elementor-element elementor-element-93fb04f elementor-widget__width-initial elementor-widget elementor-widget-image\" data-id=\"93fb04f\" data-element_type=\"widget\" data-e-type=\"widget\" data-widget_type=\"image.default\">\n\t\t\t\t<div class=\"elementor-widget-container\">\n\t\t\t\t\t\t\t\t\t\t\t\t\t\t\t<img decoding=\"async\" width=\"619\" height=\"1100\" src=\"https:\/\/galerie-nadal-olivie.fr\/wp-content\/uploads\/2019\/08\/IMG_20190112_114743-1.jpg\" class=\"attachment-full size-full wp-image-172\" alt=\"\" srcset=\"https:\/\/galerie-nadal-olivie.fr\/wp-content\/uploads\/2019\/08\/IMG_20190112_114743-1.jpg 619w, https:\/\/galerie-nadal-olivie.fr\/wp-content\/uploads\/2019\/08\/IMG_20190112_114743-1-169x300.jpg 169w, https:\/\/galerie-nadal-olivie.fr\/wp-content\/uploads\/2019\/08\/IMG_20190112_114743-1-576x1024.jpg 576w\" sizes=\"(max-width: 619px) 100vw, 619px\" \/>\t\t\t\t\t\t\t\t\t\t\t\t\t\t\t<\/div>\n\t\t\t\t<\/div>\n\t\t\t\t<div class=\"elementor-element elementor-element-1077e20 elementor-widget__width-initial elementor-widget elementor-widget-image\" data-id=\"1077e20\" data-element_type=\"widget\" data-e-type=\"widget\" data-widget_type=\"image.default\">\n\t\t\t\t<div class=\"elementor-widget-container\">\n\t\t\t\t\t\t\t\t\t\t\t\t\t\t\t<img decoding=\"async\" width=\"1152\" height=\"2048\" src=\"https:\/\/galerie-nadal-olivie.fr\/wp-content\/uploads\/2019\/08\/IMG_20190112_114735-1.jpg\" class=\"attachment-full size-full wp-image-174\" alt=\"\" srcset=\"https:\/\/galerie-nadal-olivie.fr\/wp-content\/uploads\/2019\/08\/IMG_20190112_114735-1.jpg 1152w, https:\/\/galerie-nadal-olivie.fr\/wp-content\/uploads\/2019\/08\/IMG_20190112_114735-1-169x300.jpg 169w, https:\/\/galerie-nadal-olivie.fr\/wp-content\/uploads\/2019\/08\/IMG_20190112_114735-1-768x1365.jpg 768w, https:\/\/galerie-nadal-olivie.fr\/wp-content\/uploads\/2019\/08\/IMG_20190112_114735-1-576x1024.jpg 576w\" sizes=\"(max-width: 1152px) 100vw, 1152px\" \/>\t\t\t\t\t\t\t\t\t\t\t\t\t\t\t<\/div>\n\t\t\t\t<\/div>\n\t\t\t\t<\/div>\n\t\t\t\t<\/div>\n\t\t\t\t<\/div>\n\t\t\t\t<section class=\"elementor-section elementor-top-section elementor-element elementor-element-887cc83 elementor-section-boxed elementor-section-height-default elementor-section-height-default\" data-id=\"887cc83\" data-element_type=\"section\" data-e-type=\"section\">\n\t\t\t\t\t\t<div class=\"elementor-container elementor-column-gap-default\">\n\t\t\t\t\t<div class=\"elementor-column elementor-col-100 elementor-top-column elementor-element elementor-element-1056f71\" data-id=\"1056f71\" data-element_type=\"column\" data-e-type=\"column\">\n\t\t\t<div class=\"elementor-widget-wrap elementor-element-populated\">\n\t\t\t\t\t\t<div class=\"elementor-element elementor-element-e0bdbcb elementor-widget elementor-widget-text-editor\" data-id=\"e0bdbcb\" data-element_type=\"widget\" data-e-type=\"widget\" data-widget_type=\"text-editor.default\">\n\t\t\t\t<div class=\"elementor-widget-container\">\n\t\t\t\t\t\t\t\t\t<p>Nathalie Nadal-Olivi\u00e9, Artiste Peintre \u00e0 Biot,&nbsp; vous fera d\u00e9couvrir \u00e0 votre rythme les techniques de la Peinture Abstraite au couteau.<\/p>\n<p class=\"translation-block\">On your easel, following her relevant tips you will learn to paint with a knife. Pictorial tool, <a href=\"https:\/\/en.wikipedia.org\/wiki\/Cuteau__peindre\" target=\"_self\" rel=\"noopener\"> the painting knife <\/a> is used in painting for place touches of paint at a specific spot on the canvas. He replaces the brush or the brush. The painter Courbet is generally recognized as a pioneer of this technique.<\/p>\n<p class=\"translation-block\">You would also discover <a href=\"https:\/\/galerie-nadal-olivie.fr\/en\/works\/\" target=\"_self\"> the artworks <\/a> of the painter Nathalie Nadal-Olivi\u00e9, in her Art Gallery in Biot, paintings also made with a painting knife.<\/p>\t\t\t\t\t\t\t\t<\/div>\n\t\t\t\t<\/div>\n\t\t\t\t\t<\/div>\n\t\t<\/div>\n\t\t\t\t\t<\/div>\n\t\t<\/section>\n\t\t\t\t<section class=\"elementor-section elementor-top-section elementor-element elementor-element-e4986ab elementor-section-stretched elementor-section-full_width elementor-section-content-middle elementor-section-height-default elementor-section-height-default\" data-id=\"e4986ab\" data-element_type=\"section\" data-e-type=\"section\" data-settings=\"{&quot;stretch_section&quot;:&quot;section-stretched&quot;}\">\n\t\t\t\t\t\t<div class=\"elementor-container elementor-column-gap-default\">\n\t\t\t\t\t<div class=\"elementor-column elementor-col-100 elementor-top-column elementor-element elementor-element-209b2ed\" data-id=\"209b2ed\" data-element_type=\"column\" data-e-type=\"column\">\n\t\t\t<div class=\"elementor-widget-wrap elementor-element-populated\">\n\t\t\t\t\t\t<div class=\"elementor-element elementor-element-6d9ef15 elementor-widget elementor-widget-heading\" data-id=\"6d9ef15\" data-element_type=\"widget\" data-e-type=\"widget\" data-widget_type=\"heading.default\">\n\t\t\t\t<div class=\"elementor-widget-container\">\n\t\t\t\t\t<h1 class=\"elementor-heading-title elementor-size-default\">Acrylic knife painting<\/h1>\t\t\t\t<\/div>\n\t\t\t\t<\/div>\n\t\t\t\t<section class=\"elementor-section elementor-inner-section elementor-element elementor-element-c8c0970 elementor-section-content-middle elementor-section-full_width elementor-section-height-default elementor-section-height-default\" data-id=\"c8c0970\" data-element_type=\"section\" data-e-type=\"section\">\n\t\t\t\t\t\t<div class=\"elementor-container elementor-column-gap-default\">\n\t\t\t\t\t<div class=\"elementor-column elementor-col-50 elementor-inner-column elementor-element elementor-element-92862e6\" data-id=\"92862e6\" data-element_type=\"column\" data-e-type=\"column\">\n\t\t\t<div class=\"elementor-widget-wrap elementor-element-populated\">\n\t\t\t\t\t\t<div class=\"elementor-element elementor-element-a95efde elementor-widget elementor-widget-image\" data-id=\"a95efde\" data-element_type=\"widget\" data-e-type=\"widget\" data-widget_type=\"image.default\">\n\t\t\t\t<div class=\"elementor-widget-container\">\n\t\t\t\t\t\t\t\t\t\t\t\t\t\t\t<img loading=\"lazy\" decoding=\"async\" width=\"800\" height=\"533\" src=\"https:\/\/galerie-nadal-olivie.fr\/wp-content\/uploads\/2019\/08\/palette-knife-3293058_1280-1024x682.jpg\" class=\"attachment-large size-large wp-image-203\" alt=\"\" srcset=\"https:\/\/galerie-nadal-olivie.fr\/wp-content\/uploads\/2019\/08\/palette-knife-3293058_1280-1024x682.jpg 1024w, https:\/\/galerie-nadal-olivie.fr\/wp-content\/uploads\/2019\/08\/palette-knife-3293058_1280-300x200.jpg 300w, https:\/\/galerie-nadal-olivie.fr\/wp-content\/uploads\/2019\/08\/palette-knife-3293058_1280-768x512.jpg 768w, https:\/\/galerie-nadal-olivie.fr\/wp-content\/uploads\/2019\/08\/palette-knife-3293058_1280.jpg 1280w\" sizes=\"(max-width: 800px) 100vw, 800px\" \/>\t\t\t\t\t\t\t\t\t\t\t\t\t\t\t<\/div>\n\t\t\t\t<\/div>\n\t\t\t\t\t<\/div>\n\t\t<\/div>\n\t\t\t\t<div class=\"elementor-column elementor-col-50 elementor-inner-column elementor-element elementor-element-a389713\" data-id=\"a389713\" data-element_type=\"column\" data-e-type=\"column\">\n\t\t\t<div class=\"elementor-widget-wrap elementor-element-populated\">\n\t\t\t\t\t\t<div class=\"elementor-element elementor-element-9164022 elementor-widget elementor-widget-heading\" data-id=\"9164022\" data-element_type=\"widget\" data-e-type=\"widget\" data-widget_type=\"heading.default\">\n\t\t\t\t<div class=\"elementor-widget-container\">\n\t\t\t\t\t<h2 class=\"elementor-heading-title elementor-size-default\">Technique:<\/h2>\t\t\t\t<\/div>\n\t\t\t\t<\/div>\n\t\t\t\t<div class=\"elementor-element elementor-element-18d9142 elementor-widget elementor-widget-text-editor\" data-id=\"18d9142\" data-element_type=\"widget\" data-e-type=\"widget\" data-widget_type=\"text-editor.default\">\n\t\t\t\t<div class=\"elementor-widget-container\">\n\t\t\t\t\t\t\t\t\t<p class=\"translation-block\">Acrylic painting with a knife is a technique which, when it is as well mastered as by <b> the Artist Painter Nathalie Nadal-Olivi\u00e9 <\/b>, makes it possible to sculpt the painting to reveal its fullness, borders and various forms. The paint is then \"compressed\" against the support and gives rise to surfaces, lines and contours in relief. Each line becomes an imprint and each imprint an emotion. The keys are then precise or light, strong or airy, deep or tinged with delicacy.<\/p>\t\t\t\t\t\t\t\t<\/div>\n\t\t\t\t<\/div>\n\t\t\t\t\t<\/div>\n\t\t<\/div>\n\t\t\t\t\t<\/div>\n\t\t<\/section>\n\t\t\t\t\t<\/div>\n\t\t<\/div>\n\t\t\t\t\t<\/div>\n\t\t<\/section>\n\t\t\t\t<\/div>","protected":false},"excerpt":{"rendered":"<p>cours de peinture abstraite au couteau \u00e0 biot Apprenez \u00e0 peindre au couteau et d\u00e9couvrez l&rsquo;Art abstrait. Cours priv\u00e9s individuels. L&rsquo;Artiste-peintre Nathalie Nadal-Olivi\u00e9 vous propose ses cours de peinture abstraite au couteau \u00e0 biot, dans sa Galerie d&rsquo;Art. En suivant les conseils de l&rsquo;Artiste Peintre install\u00e9e \u00e0 Biot, vous d\u00e9couvrirez les immenses ressources qui sont [&hellip;]<\/p>\n","protected":false},"author":1,"featured_media":0,"parent":0,"menu_order":0,"comment_status":"closed","ping_status":"closed","template":"","meta":{"footnotes":""},"class_list":["post-46","page","type-page","status-publish","hentry"],"yoast_head":"<!-- This site is optimized with the Yoast SEO plugin v27.4 - https:\/\/yoast.com\/product\/yoast-seo-wordpress\/ -->\n<title>cours de peinture abstraite au couteau \u00e0 biot\u200b - Galerie d&#039;Art Nadal-Olivi\u00e9 %<\/title>\n<meta name=\"description\" content=\"Nathalie Nadal-Olivie vous donne des cours de peinture abstraite au couteau \u00e0 Biot, dans sa galerie d&#039;Art au 56, rue Saint-s\u00e9bastien\" \/>\n<meta name=\"robots\" content=\"index, follow, max-snippet:-1, max-image-preview:large, max-video-preview:-1\" \/>\n<link rel=\"canonical\" href=\"https:\/\/galerie-nadal-olivie.fr\/en\/cours-de-peinture-abstraite-au-couteau-a-biot\/\" \/>\n<meta property=\"og:locale\" content=\"en_GB\" \/>\n<meta property=\"og:type\" content=\"article\" \/>\n<meta property=\"og:title\" content=\"cours de peinture abstraite au couteau \u00e0 biot\u200b - Galerie d&#039;Art Nadal-Olivi\u00e9 %\" \/>\n<meta property=\"og:description\" content=\"Nathalie Nadal-Olivie vous donne des cours de peinture abstraite au couteau \u00e0 Biot, dans sa galerie d&#039;Art au 56, rue Saint-s\u00e9bastien\" \/>\n<meta property=\"og:url\" content=\"https:\/\/galerie-nadal-olivie.fr\/en\/cours-de-peinture-abstraite-au-couteau-a-biot\/\" \/>\n<meta property=\"og:site_name\" content=\"Galerie d&#039;Art Nadal-Olivi\u00e9\" \/>\n<meta property=\"article:publisher\" content=\"https:\/\/www.facebook.com\/galerie.nadal.olivie\/\" \/>\n<meta property=\"article:modified_time\" content=\"2025-08-11T06:17:07+00:00\" \/>\n<meta property=\"og:image\" content=\"https:\/\/galerie-nadal-olivie.fr\/wp-content\/uploads\/2019\/08\/IMG_20190808_113033-1.jpg\" \/>\n<meta name=\"twitter:card\" content=\"summary_large_image\" \/>\n<meta name=\"twitter:label1\" content=\"Estimated reading time\" \/>\n\t<meta name=\"twitter:data1\" content=\"3 minutes\" \/>\n<script type=\"application\/ld+json\" class=\"yoast-schema-graph\">{\"@context\":\"https:\\\/\\\/schema.org\",\"@graph\":[{\"@type\":\"WebPage\",\"@id\":\"https:\\\/\\\/galerie-nadal-olivie.fr\\\/en\\\/cours-de-peinture-abstraite-au-couteau-a-biot\\\/\",\"url\":\"https:\\\/\\\/galerie-nadal-olivie.fr\\\/en\\\/cours-de-peinture-abstraite-au-couteau-a-biot\\\/\",\"name\":\"cours de peinture abstraite au couteau \u00e0 biot\u200b - Galerie d&#039;Art Nadal-Olivi\u00e9 %\",\"isPartOf\":{\"@id\":\"https:\\\/\\\/galerie-nadal-olivie.fr\\\/#website\"},\"primaryImageOfPage\":{\"@id\":\"https:\\\/\\\/galerie-nadal-olivie.fr\\\/en\\\/cours-de-peinture-abstraite-au-couteau-a-biot\\\/#primaryimage\"},\"image\":{\"@id\":\"https:\\\/\\\/galerie-nadal-olivie.fr\\\/en\\\/cours-de-peinture-abstraite-au-couteau-a-biot\\\/#primaryimage\"},\"thumbnailUrl\":\"https:\\\/\\\/galerie-nadal-olivie.fr\\\/wp-content\\\/uploads\\\/2019\\\/08\\\/IMG_20190808_113033-1.jpg\",\"datePublished\":\"2019-08-10T15:42:45+00:00\",\"dateModified\":\"2025-08-11T06:17:07+00:00\",\"description\":\"Nathalie Nadal-Olivie vous donne des cours de peinture abstraite au couteau \u00e0 Biot, dans sa galerie d'Art au 56, rue Saint-s\u00e9bastien\",\"breadcrumb\":{\"@id\":\"https:\\\/\\\/galerie-nadal-olivie.fr\\\/en\\\/cours-de-peinture-abstraite-au-couteau-a-biot\\\/#breadcrumb\"},\"inLanguage\":\"en-GB\",\"potentialAction\":[{\"@type\":\"ReadAction\",\"target\":[\"https:\\\/\\\/galerie-nadal-olivie.fr\\\/en\\\/cours-de-peinture-abstraite-au-couteau-a-biot\\\/\"]}]},{\"@type\":\"ImageObject\",\"inLanguage\":\"en-GB\",\"@id\":\"https:\\\/\\\/galerie-nadal-olivie.fr\\\/en\\\/cours-de-peinture-abstraite-au-couteau-a-biot\\\/#primaryimage\",\"url\":\"https:\\\/\\\/galerie-nadal-olivie.fr\\\/wp-content\\\/uploads\\\/2019\\\/08\\\/IMG_20190808_113033-1.jpg\",\"contentUrl\":\"https:\\\/\\\/galerie-nadal-olivie.fr\\\/wp-content\\\/uploads\\\/2019\\\/08\\\/IMG_20190808_113033-1.jpg\"},{\"@type\":\"BreadcrumbList\",\"@id\":\"https:\\\/\\\/galerie-nadal-olivie.fr\\\/en\\\/cours-de-peinture-abstraite-au-couteau-a-biot\\\/#breadcrumb\",\"itemListElement\":[{\"@type\":\"ListItem\",\"position\":1,\"name\":\"Accueil\",\"item\":\"https:\\\/\\\/galerie-nadal-olivie.fr\\\/\"},{\"@type\":\"ListItem\",\"position\":2,\"name\":\"cours de peinture abstraite au couteau \u00e0 biot\u200b\"}]},{\"@type\":\"WebSite\",\"@id\":\"https:\\\/\\\/galerie-nadal-olivie.fr\\\/#website\",\"url\":\"https:\\\/\\\/galerie-nadal-olivie.fr\\\/\",\"name\":\"Galerie d&#039;Art Nadal-Olivi\u00e9\",\"description\":\"Galerie d&#039;Art \u00e0 Biot (06410)\",\"publisher\":{\"@id\":\"https:\\\/\\\/galerie-nadal-olivie.fr\\\/#organization\"},\"potentialAction\":[{\"@type\":\"SearchAction\",\"target\":{\"@type\":\"EntryPoint\",\"urlTemplate\":\"https:\\\/\\\/galerie-nadal-olivie.fr\\\/?s={search_term_string}\"},\"query-input\":{\"@type\":\"PropertyValueSpecification\",\"valueRequired\":true,\"valueName\":\"search_term_string\"}}],\"inLanguage\":\"en-GB\"},{\"@type\":\"Organization\",\"@id\":\"https:\\\/\\\/galerie-nadal-olivie.fr\\\/#organization\",\"name\":\"GALERIE D'ART NADAL OLIVI\u00c9\",\"url\":\"https:\\\/\\\/galerie-nadal-olivie.fr\\\/\",\"logo\":{\"@type\":\"ImageObject\",\"inLanguage\":\"en-GB\",\"@id\":\"https:\\\/\\\/galerie-nadal-olivie.fr\\\/#\\\/schema\\\/logo\\\/image\\\/\",\"url\":\"https:\\\/\\\/galerie-nadal-olivie.fr\\\/wp-content\\\/uploads\\\/2019\\\/08\\\/screenshot-www.galerie-nadal-olivie.fr-2019.08.31-08_44_17.png\",\"contentUrl\":\"https:\\\/\\\/galerie-nadal-olivie.fr\\\/wp-content\\\/uploads\\\/2019\\\/08\\\/screenshot-www.galerie-nadal-olivie.fr-2019.08.31-08_44_17.png\",\"width\":541,\"height\":139,\"caption\":\"GALERIE D'ART NADAL OLIVI\u00c9\"},\"image\":{\"@id\":\"https:\\\/\\\/galerie-nadal-olivie.fr\\\/#\\\/schema\\\/logo\\\/image\\\/\"},\"sameAs\":[\"https:\\\/\\\/www.facebook.com\\\/galerie.nadal.olivie\\\/\",\"https:\\\/\\\/www.instagram.com\\\/nathalie.nadal.olivie\"]}]}<\/script>\n<!-- \/ Yoast SEO plugin. -->","yoast_head_json":{"title":"cours de peinture abstraite au couteau \u00e0 biot\u200b - Galerie d&#039;Art Nadal-Olivi\u00e9 %","description":"Nathalie Nadal-Olivie vous donne des cours de peinture abstraite au couteau \u00e0 Biot, dans sa galerie d'Art au 56, rue Saint-s\u00e9bastien","robots":{"index":"index","follow":"follow","max-snippet":"max-snippet:-1","max-image-preview":"max-image-preview:large","max-video-preview":"max-video-preview:-1"},"canonical":"https:\/\/galerie-nadal-olivie.fr\/en\/cours-de-peinture-abstraite-au-couteau-a-biot\/","og_locale":"en_GB","og_type":"article","og_title":"cours de peinture abstraite au couteau \u00e0 biot\u200b - Galerie d&#039;Art Nadal-Olivi\u00e9 %","og_description":"Nathalie Nadal-Olivie vous donne des cours de peinture abstraite au couteau \u00e0 Biot, dans sa galerie d'Art au 56, rue Saint-s\u00e9bastien","og_url":"https:\/\/galerie-nadal-olivie.fr\/en\/cours-de-peinture-abstraite-au-couteau-a-biot\/","og_site_name":"Galerie d&#039;Art Nadal-Olivi\u00e9","article_publisher":"https:\/\/www.facebook.com\/galerie.nadal.olivie\/","article_modified_time":"2025-08-11T06:17:07+00:00","og_image":[{"url":"https:\/\/galerie-nadal-olivie.fr\/wp-content\/uploads\/2019\/08\/IMG_20190808_113033-1.jpg","type":"","width":"","height":""}],"twitter_card":"summary_large_image","twitter_misc":{"Estimated reading time":"3 minutes"},"schema":{"@context":"https:\/\/schema.org","@graph":[{"@type":"WebPage","@id":"https:\/\/galerie-nadal-olivie.fr\/en\/cours-de-peinture-abstraite-au-couteau-a-biot\/","url":"https:\/\/galerie-nadal-olivie.fr\/en\/cours-de-peinture-abstraite-au-couteau-a-biot\/","name":"cours de peinture abstraite au couteau \u00e0 biot\u200b - Galerie d&#039;Art Nadal-Olivi\u00e9 %","isPartOf":{"@id":"https:\/\/galerie-nadal-olivie.fr\/#website"},"primaryImageOfPage":{"@id":"https:\/\/galerie-nadal-olivie.fr\/en\/cours-de-peinture-abstraite-au-couteau-a-biot\/#primaryimage"},"image":{"@id":"https:\/\/galerie-nadal-olivie.fr\/en\/cours-de-peinture-abstraite-au-couteau-a-biot\/#primaryimage"},"thumbnailUrl":"https:\/\/galerie-nadal-olivie.fr\/wp-content\/uploads\/2019\/08\/IMG_20190808_113033-1.jpg","datePublished":"2019-08-10T15:42:45+00:00","dateModified":"2025-08-11T06:17:07+00:00","description":"Nathalie Nadal-Olivie vous donne des cours de peinture abstraite au couteau \u00e0 Biot, dans sa galerie d'Art au 56, rue Saint-s\u00e9bastien","breadcrumb":{"@id":"https:\/\/galerie-nadal-olivie.fr\/en\/cours-de-peinture-abstraite-au-couteau-a-biot\/#breadcrumb"},"inLanguage":"en-GB","potentialAction":[{"@type":"ReadAction","target":["https:\/\/galerie-nadal-olivie.fr\/en\/cours-de-peinture-abstraite-au-couteau-a-biot\/"]}]},{"@type":"ImageObject","inLanguage":"en-GB","@id":"https:\/\/galerie-nadal-olivie.fr\/en\/cours-de-peinture-abstraite-au-couteau-a-biot\/#primaryimage","url":"https:\/\/galerie-nadal-olivie.fr\/wp-content\/uploads\/2019\/08\/IMG_20190808_113033-1.jpg","contentUrl":"https:\/\/galerie-nadal-olivie.fr\/wp-content\/uploads\/2019\/08\/IMG_20190808_113033-1.jpg"},{"@type":"BreadcrumbList","@id":"https:\/\/galerie-nadal-olivie.fr\/en\/cours-de-peinture-abstraite-au-couteau-a-biot\/#breadcrumb","itemListElement":[{"@type":"ListItem","position":1,"name":"Accueil","item":"https:\/\/galerie-nadal-olivie.fr\/"},{"@type":"ListItem","position":2,"name":"cours de peinture abstraite au couteau \u00e0 biot\u200b"}]},{"@type":"WebSite","@id":"https:\/\/galerie-nadal-olivie.fr\/#website","url":"https:\/\/galerie-nadal-olivie.fr\/","name":"Galerie d&#039;Art Nadal-Olivi\u00e9","description":"Galerie d&#039;Art \u00e0 Biot (06410)","publisher":{"@id":"https:\/\/galerie-nadal-olivie.fr\/#organization"},"potentialAction":[{"@type":"SearchAction","target":{"@type":"EntryPoint","urlTemplate":"https:\/\/galerie-nadal-olivie.fr\/?s={search_term_string}"},"query-input":{"@type":"PropertyValueSpecification","valueRequired":true,"valueName":"search_term_string"}}],"inLanguage":"en-GB"},{"@type":"Organization","@id":"https:\/\/galerie-nadal-olivie.fr\/#organization","name":"GALERIE D'ART NADAL OLIVI\u00c9","url":"https:\/\/galerie-nadal-olivie.fr\/","logo":{"@type":"ImageObject","inLanguage":"en-GB","@id":"https:\/\/galerie-nadal-olivie.fr\/#\/schema\/logo\/image\/","url":"https:\/\/galerie-nadal-olivie.fr\/wp-content\/uploads\/2019\/08\/screenshot-www.galerie-nadal-olivie.fr-2019.08.31-08_44_17.png","contentUrl":"https:\/\/galerie-nadal-olivie.fr\/wp-content\/uploads\/2019\/08\/screenshot-www.galerie-nadal-olivie.fr-2019.08.31-08_44_17.png","width":541,"height":139,"caption":"GALERIE D'ART NADAL OLIVI\u00c9"},"image":{"@id":"https:\/\/galerie-nadal-olivie.fr\/#\/schema\/logo\/image\/"},"sameAs":["https:\/\/www.facebook.com\/galerie.nadal.olivie\/","https:\/\/www.instagram.com\/nathalie.nadal.olivie"]}]}},"_links":{"self":[{"href":"https:\/\/galerie-nadal-olivie.fr\/en\/wp-json\/wp\/v2\/pages\/46","targetHints":{"allow":["GET"]}}],"collection":[{"href":"https:\/\/galerie-nadal-olivie.fr\/en\/wp-json\/wp\/v2\/pages"}],"about":[{"href":"https:\/\/galerie-nadal-olivie.fr\/en\/wp-json\/wp\/v2\/types\/page"}],"author":[{"embeddable":true,"href":"https:\/\/galerie-nadal-olivie.fr\/en\/wp-json\/wp\/v2\/users\/1"}],"replies":[{"embeddable":true,"href":"https:\/\/galerie-nadal-olivie.fr\/en\/wp-json\/wp\/v2\/comments?post=46"}],"version-history":[{"count":6,"href":"https:\/\/galerie-nadal-olivie.fr\/en\/wp-json\/wp\/v2\/pages\/46\/revisions"}],"predecessor-version":[{"id":1281,"href":"https:\/\/galerie-nadal-olivie.fr\/en\/wp-json\/wp\/v2\/pages\/46\/revisions\/1281"}],"wp:attachment":[{"href":"https:\/\/galerie-nadal-olivie.fr\/en\/wp-json\/wp\/v2\/media?parent=46"}],"curies":[{"name":"wp","href":"https:\/\/api.w.org\/{rel}","templated":true}]}}