{"id":42,"date":"2019-08-10T17:42:22","date_gmt":"2019-08-10T15:42:22","guid":{"rendered":"http:\/\/127.0.0.1\/galerie-nadal-olivie-v2\/?page_id=42"},"modified":"2025-08-12T10:44:52","modified_gmt":"2025-08-12T08:44:52","slug":"contact","status":"publish","type":"page","link":"https:\/\/galerie-nadal-olivie.fr\/en\/contact\/","title":{"rendered":"Contact me"},"content":{"rendered":"\t\t<div data-elementor-type=\"wp-post\" data-elementor-id=\"42\" class=\"elementor elementor-42\" data-elementor-post-type=\"page\">\n\t\t\t\t<div class=\"elementor-element elementor-element-24ad7aa e-con-full e-flex e-con e-parent\" data-id=\"24ad7aa\" data-element_type=\"container\" data-e-type=\"container\">\n\t\t<div class=\"elementor-element elementor-element-74cfbbd e-con-full e-flex e-con e-child\" data-id=\"74cfbbd\" data-element_type=\"container\" data-e-type=\"container\">\n\t\t\t\t<div class=\"elementor-element elementor-element-82fc3fa elementor-widget elementor-widget-google_maps\" data-id=\"82fc3fa\" data-element_type=\"widget\" data-e-type=\"widget\" data-widget_type=\"google_maps.default\">\n\t\t\t\t<div class=\"elementor-widget-container\">\n\t\t\t\t\t\t\t<div class=\"elementor-custom-embed\">\n\t\t\t<iframe loading=\"lazy\"\n\t\t\t\t\tsrc=\"https:\/\/maps.google.com\/maps?q=56%2C%20rue%20saint-s%C3%A9bastien%2C%20biot%2C%20france&#038;t=m&#038;z=18&#038;output=embed&#038;iwloc=near\"\n\t\t\t\t\ttitle=\"56, rue saint-s\u00e9bastien, biot, france\"\n\t\t\t\t\taria-label=\"56, rue saint-s\u00e9bastien, biot, france\"\n\t\t\t><\/iframe>\n\t\t<\/div>\n\t\t\t\t\t\t<\/div>\n\t\t\t\t<\/div>\n\t\t\t\t<\/div>\n\t\t\t\t<\/div>\n\t\t<div class=\"elementor-element elementor-element-bfc7e09 e-con-full e-flex e-con e-parent\" data-id=\"bfc7e09\" data-element_type=\"container\" data-e-type=\"container\">\n\t\t<div class=\"elementor-element elementor-element-fa15558 e-con-full e-flex e-con e-child\" data-id=\"fa15558\" data-element_type=\"container\" data-e-type=\"container\">\n\t\t\t\t<div class=\"elementor-element elementor-element-5bac043 elementor-widget elementor-widget-image\" data-id=\"5bac043\" data-element_type=\"widget\" data-e-type=\"widget\" data-widget_type=\"image.default\">\n\t\t\t\t<div class=\"elementor-widget-container\">\n\t\t\t\t\t\t\t\t\t\t\t\t\t\t\t<img fetchpriority=\"high\" decoding=\"async\" width=\"1080\" height=\"910\" src=\"https:\/\/galerie-nadal-olivie.fr\/wp-content\/uploads\/2025\/07\/photo_contact.jpg\" class=\"attachment-full size-full wp-image-1248\" alt=\"\" srcset=\"https:\/\/galerie-nadal-olivie.fr\/wp-content\/uploads\/2025\/07\/photo_contact.jpg 1080w, https:\/\/galerie-nadal-olivie.fr\/wp-content\/uploads\/2025\/07\/photo_contact-300x253.jpg 300w, https:\/\/galerie-nadal-olivie.fr\/wp-content\/uploads\/2025\/07\/photo_contact-1024x863.jpg 1024w, https:\/\/galerie-nadal-olivie.fr\/wp-content\/uploads\/2025\/07\/photo_contact-768x647.jpg 768w, https:\/\/galerie-nadal-olivie.fr\/wp-content\/uploads\/2025\/07\/photo_contact-14x12.jpg 14w\" sizes=\"(max-width: 1080px) 100vw, 1080px\" \/>\t\t\t\t\t\t\t\t\t\t\t\t\t\t\t<\/div>\n\t\t\t\t<\/div>\n\t\t\t\t<div class=\"elementor-element elementor-element-b96ad83 elementor-widget elementor-widget-text-editor\" data-id=\"b96ad83\" data-element_type=\"widget\" data-e-type=\"widget\" data-widget_type=\"text-editor.default\">\n\t\t\t\t<div class=\"elementor-widget-container\">\n\t\t\t\t\t\t\t\t\t<p><i class=\"fa fa-envelope\"><a href=\"mailto:carredesoie@yahoo.fr\"> carredesoie@yahoo.fr<\/a><\/i><\/p>\n<p>Ouverture d&rsquo;Avril \u00e0 Octobre. Sur rendez-vous le reste de l&rsquo;ann\u00e9e.<\/p><p><br><\/p>\t\t\t\t\t\t\t\t<\/div>\n\t\t\t\t<\/div>\n\t\t\t\t<\/div>\n\t\t<div class=\"elementor-element elementor-element-94d2ace e-con-full e-flex e-con e-child\" data-id=\"94d2ace\" data-element_type=\"container\" data-e-type=\"container\">\n\t\t\t\t<div class=\"elementor-element elementor-element-12f7a67 elementor-button-align-stretch elementor-widget elementor-widget-form\" data-id=\"12f7a67\" data-element_type=\"widget\" data-e-type=\"widget\" data-settings=\"{&quot;step_next_label&quot;:&quot;Suivant&quot;,&quot;step_previous_label&quot;:&quot;Pr\\u00e9c\\u00e9dent&quot;,&quot;button_width&quot;:&quot;100&quot;,&quot;step_type&quot;:&quot;number_text&quot;,&quot;step_icon_shape&quot;:&quot;circle&quot;}\" data-widget_type=\"form.default\">\n\t\t\t\t<div class=\"elementor-widget-container\">\n\t\t\t\t\t\t\t<form class=\"elementor-form\" method=\"post\" name=\"New Form\" aria-label=\"New Form\">\n\t\t\t<input type=\"hidden\" name=\"post_id\" value=\"42\"\/>\n\t\t\t<input type=\"hidden\" name=\"form_id\" value=\"12f7a67\"\/>\n\t\t\t<input type=\"hidden\" name=\"referer_title\" value=\"contact - Galerie d&#039;Art Nadal-Olivi\u00e9\" \/>\n\n\t\t\t\t\t\t\t<input type=\"hidden\" name=\"queried_id\" value=\"42\"\/>\n\t\t\t\n\t\t\t<div class=\"elementor-form-fields-wrapper elementor-labels-above\">\n\t\t\t\t\t\t\t\t<div class=\"elementor-field-type-text elementor-field-group elementor-column elementor-field-group-name elementor-col-100\">\n\t\t\t\t\t\t\t\t\t\t\t\t<label for=\"form-field-name\" class=\"elementor-field-label\">\n\t\t\t\t\t\t\t\tNom\t\t\t\t\t\t\t<\/label>\n\t\t\t\t\t\t\t\t\t\t\t\t\t\t<input size=\"1\" type=\"text\" name=\"form_fields[name]\" id=\"form-field-name\" class=\"elementor-field elementor-size-md  elementor-field-textual\" placeholder=\"Nom\">\n\t\t\t\t\t\t\t\t\t\t\t<\/div>\n\t\t\t\t\t\t\t\t<div class=\"elementor-field-type-email elementor-field-group elementor-column elementor-field-group-email elementor-col-100 elementor-field-required elementor-mark-required\">\n\t\t\t\t\t\t\t\t\t\t\t\t<label for=\"form-field-email\" class=\"elementor-field-label\">\n\t\t\t\t\t\t\t\tEmail\t\t\t\t\t\t\t<\/label>\n\t\t\t\t\t\t\t\t\t\t\t\t\t\t<input size=\"1\" type=\"email\" name=\"form_fields[email]\" id=\"form-field-email\" class=\"elementor-field elementor-size-md  elementor-field-textual\" placeholder=\"Email\" required=\"required\">\n\t\t\t\t\t\t\t\t\t\t\t<\/div>\n\t\t\t\t\t\t\t\t<div class=\"elementor-field-type-textarea elementor-field-group elementor-column elementor-field-group-message elementor-col-100\">\n\t\t\t\t\t\t\t\t\t\t\t\t<label for=\"form-field-message\" class=\"elementor-field-label\">\n\t\t\t\t\t\t\t\tMessage\t\t\t\t\t\t\t<\/label>\n\t\t\t\t\t\t<textarea class=\"elementor-field-textual elementor-field  elementor-size-md\" name=\"form_fields[message]\" id=\"form-field-message\" rows=\"4\" placeholder=\"Message\"><\/textarea>\t\t\t\t<\/div>\n\t\t\t\t\t\t\t\t<div class=\"elementor-field-type-recaptcha elementor-field-group elementor-column elementor-field-group-5136c36 elementor-col-100\">\n\t\t\t\t\t<div class=\"elementor-field\" id=\"form-field-5136c36\"><div class=\"elementor-g-recaptcha\" data-sitekey=\"6Lfnn7IUAAAAAMG0GNu_penFQw36g8rHYJAq5mfP\" data-type=\"v2_checkbox\" data-theme=\"light\" data-size=\"normal\"><\/div><\/div>\t\t\t\t<\/div>\n\t\t\t\t\t\t\t\t<div class=\"elementor-field-group elementor-column elementor-field-type-submit elementor-col-100 e-form__buttons\">\n\t\t\t\t\t<button class=\"elementor-button elementor-size-sm\" type=\"submit\">\n\t\t\t\t\t\t<span class=\"elementor-button-content-wrapper\">\n\t\t\t\t\t\t\t\t\t\t\t\t\t\t\t<span class=\"elementor-button-icon\">\n\t\t\t\t\t\t\t\t\t<i class=\"fa fa-envelope\" aria-hidden=\"true\"><\/i>\t\t\t\t\t\t\t\t\t\t\t\t\t\t\t\t\t<\/span>\n\t\t\t\t\t\t\t\t\t\t\t\t\t\t\t\t\t\t\t\t\t\t<span class=\"elementor-button-text\">Envoyer<\/span>\n\t\t\t\t\t\t\t\t\t\t\t\t\t<\/span>\n\t\t\t\t\t<\/button>\n\t\t\t\t<\/div>\n\t\t\t<\/div>\n\t\t<\/form>\n\t\t\t\t\t\t<\/div>\n\t\t\t\t<\/div>\n\t\t\t\t<\/div>\n\t\t\t\t<\/div>\n\t\t\t\t<\/div>\n\t\t","protected":false},"excerpt":{"rendered":"<p>carredesoie@yahoo.fr Ouverture d&rsquo;Avril \u00e0 Octobre. Sur rendez-vous le reste de l&rsquo;ann\u00e9e.<\/p>","protected":false},"author":1,"featured_media":0,"parent":0,"menu_order":0,"comment_status":"closed","ping_status":"closed","template":"","meta":{"footnotes":""},"class_list":["post-42","page","type-page","status-publish","hentry"],"yoast_head":"<!-- This site is optimized with the Yoast SEO plugin v27.4 - https:\/\/yoast.com\/product\/yoast-seo-wordpress\/ -->\n<title>contact - Galerie d&#039;Art Nadal-Olivi\u00e9<\/title>\n<meta name=\"description\" content=\"La Galerie Nathalie Nadal-Olivi\u00e9 est une Galerie d&#039;Art Abstrait install\u00e9e \u00e0 Biot dans les Alpes-maritimes. Elle expose les oeuvres de l&#039;Artiste Peintre Nathalie Nadal-Olivi\u00e9. Notamment des tableaux r\u00e9alis\u00e9s avec de la Peinture Acrylique sur Toile de lin et sur Plexilglass.\" \/>\n<meta name=\"robots\" content=\"index, follow, max-snippet:-1, max-image-preview:large, max-video-preview:-1\" \/>\n<link rel=\"canonical\" href=\"https:\/\/galerie-nadal-olivie.fr\/en\/contact\/\" \/>\n<meta property=\"og:locale\" content=\"en_GB\" \/>\n<meta property=\"og:type\" content=\"article\" \/>\n<meta property=\"og:title\" content=\"contact - Galerie d&#039;Art Nadal-Olivi\u00e9\" \/>\n<meta property=\"og:description\" content=\"La Galerie Nathalie Nadal-Olivi\u00e9 est une Galerie d&#039;Art Abstrait install\u00e9e \u00e0 Biot dans les Alpes-maritimes. Elle expose les oeuvres de l&#039;Artiste Peintre Nathalie Nadal-Olivi\u00e9. Notamment des tableaux r\u00e9alis\u00e9s avec de la Peinture Acrylique sur Toile de lin et sur Plexilglass.\" \/>\n<meta property=\"og:url\" content=\"https:\/\/galerie-nadal-olivie.fr\/en\/contact\/\" \/>\n<meta property=\"og:site_name\" content=\"Galerie d&#039;Art Nadal-Olivi\u00e9\" \/>\n<meta property=\"article:publisher\" content=\"https:\/\/www.facebook.com\/galerie.nadal.olivie\/\" \/>\n<meta property=\"article:modified_time\" content=\"2025-08-12T08:44:52+00:00\" \/>\n<meta property=\"og:image\" content=\"https:\/\/galerie-nadal-olivie.fr\/wp-content\/uploads\/2025\/07\/photo_contact.jpg\" \/>\n\t<meta property=\"og:image:width\" content=\"1080\" \/>\n\t<meta property=\"og:image:height\" content=\"910\" \/>\n\t<meta property=\"og:image:type\" content=\"image\/jpeg\" \/>\n<meta name=\"twitter:card\" content=\"summary_large_image\" \/>\n<meta name=\"twitter:label1\" content=\"Estimated reading time\" \/>\n\t<meta name=\"twitter:data1\" content=\"1 minute\" \/>\n<script type=\"application\/ld+json\" class=\"yoast-schema-graph\">{\"@context\":\"https:\\\/\\\/schema.org\",\"@graph\":[{\"@type\":\"WebPage\",\"@id\":\"https:\\\/\\\/galerie-nadal-olivie.fr\\\/contact\\\/\",\"url\":\"https:\\\/\\\/galerie-nadal-olivie.fr\\\/contact\\\/\",\"name\":\"contact - Galerie d&#039;Art Nadal-Olivi\u00e9\",\"isPartOf\":{\"@id\":\"https:\\\/\\\/galerie-nadal-olivie.fr\\\/#website\"},\"primaryImageOfPage\":{\"@id\":\"https:\\\/\\\/galerie-nadal-olivie.fr\\\/contact\\\/#primaryimage\"},\"image\":{\"@id\":\"https:\\\/\\\/galerie-nadal-olivie.fr\\\/contact\\\/#primaryimage\"},\"thumbnailUrl\":\"https:\\\/\\\/galerie-nadal-olivie.fr\\\/wp-content\\\/uploads\\\/2025\\\/07\\\/photo_contact.jpg\",\"datePublished\":\"2019-08-10T15:42:22+00:00\",\"dateModified\":\"2025-08-12T08:44:52+00:00\",\"description\":\"La Galerie Nathalie Nadal-Olivi\u00e9 est une Galerie d'Art Abstrait install\u00e9e \u00e0 Biot dans les Alpes-maritimes. Elle expose les oeuvres de l'Artiste Peintre Nathalie Nadal-Olivi\u00e9. Notamment des tableaux r\u00e9alis\u00e9s avec de la Peinture Acrylique sur Toile de lin et sur Plexilglass.\",\"breadcrumb\":{\"@id\":\"https:\\\/\\\/galerie-nadal-olivie.fr\\\/contact\\\/#breadcrumb\"},\"inLanguage\":\"en-GB\",\"potentialAction\":[{\"@type\":\"ReadAction\",\"target\":[\"https:\\\/\\\/galerie-nadal-olivie.fr\\\/contact\\\/\"]}]},{\"@type\":\"ImageObject\",\"inLanguage\":\"en-GB\",\"@id\":\"https:\\\/\\\/galerie-nadal-olivie.fr\\\/contact\\\/#primaryimage\",\"url\":\"https:\\\/\\\/galerie-nadal-olivie.fr\\\/wp-content\\\/uploads\\\/2025\\\/07\\\/photo_contact.jpg\",\"contentUrl\":\"https:\\\/\\\/galerie-nadal-olivie.fr\\\/wp-content\\\/uploads\\\/2025\\\/07\\\/photo_contact.jpg\"},{\"@type\":\"BreadcrumbList\",\"@id\":\"https:\\\/\\\/galerie-nadal-olivie.fr\\\/contact\\\/#breadcrumb\",\"itemListElement\":[{\"@type\":\"ListItem\",\"position\":1,\"name\":\"Accueil\",\"item\":\"https:\\\/\\\/galerie-nadal-olivie.fr\\\/\"},{\"@type\":\"ListItem\",\"position\":2,\"name\":\"contact\"}]},{\"@type\":\"WebSite\",\"@id\":\"https:\\\/\\\/galerie-nadal-olivie.fr\\\/#website\",\"url\":\"https:\\\/\\\/galerie-nadal-olivie.fr\\\/\",\"name\":\"Galerie d&#039;Art Nadal-Olivi\u00e9\",\"description\":\"Galerie d&#039;Art \u00e0 Biot (06410)\",\"publisher\":{\"@id\":\"https:\\\/\\\/galerie-nadal-olivie.fr\\\/#organization\"},\"potentialAction\":[{\"@type\":\"SearchAction\",\"target\":{\"@type\":\"EntryPoint\",\"urlTemplate\":\"https:\\\/\\\/galerie-nadal-olivie.fr\\\/?s={search_term_string}\"},\"query-input\":{\"@type\":\"PropertyValueSpecification\",\"valueRequired\":true,\"valueName\":\"search_term_string\"}}],\"inLanguage\":\"en-GB\"},{\"@type\":\"Organization\",\"@id\":\"https:\\\/\\\/galerie-nadal-olivie.fr\\\/#organization\",\"name\":\"GALERIE D'ART NADAL OLIVI\u00c9\",\"url\":\"https:\\\/\\\/galerie-nadal-olivie.fr\\\/\",\"logo\":{\"@type\":\"ImageObject\",\"inLanguage\":\"en-GB\",\"@id\":\"https:\\\/\\\/galerie-nadal-olivie.fr\\\/#\\\/schema\\\/logo\\\/image\\\/\",\"url\":\"https:\\\/\\\/galerie-nadal-olivie.fr\\\/wp-content\\\/uploads\\\/2019\\\/08\\\/screenshot-www.galerie-nadal-olivie.fr-2019.08.31-08_44_17.png\",\"contentUrl\":\"https:\\\/\\\/galerie-nadal-olivie.fr\\\/wp-content\\\/uploads\\\/2019\\\/08\\\/screenshot-www.galerie-nadal-olivie.fr-2019.08.31-08_44_17.png\",\"width\":541,\"height\":139,\"caption\":\"GALERIE D'ART NADAL OLIVI\u00c9\"},\"image\":{\"@id\":\"https:\\\/\\\/galerie-nadal-olivie.fr\\\/#\\\/schema\\\/logo\\\/image\\\/\"},\"sameAs\":[\"https:\\\/\\\/www.facebook.com\\\/galerie.nadal.olivie\\\/\",\"https:\\\/\\\/www.instagram.com\\\/nathalie.nadal.olivie\"]}]}<\/script>\n<!-- \/ Yoast SEO plugin. -->","yoast_head_json":{"title":"contact - Galerie d&#039;Art Nadal-Olivi\u00e9","description":"La Galerie Nathalie Nadal-Olivi\u00e9 est une Galerie d'Art Abstrait install\u00e9e \u00e0 Biot dans les Alpes-maritimes. Elle expose les oeuvres de l'Artiste Peintre Nathalie Nadal-Olivi\u00e9. Notamment des tableaux r\u00e9alis\u00e9s avec de la Peinture Acrylique sur Toile de lin et sur Plexilglass.","robots":{"index":"index","follow":"follow","max-snippet":"max-snippet:-1","max-image-preview":"max-image-preview:large","max-video-preview":"max-video-preview:-1"},"canonical":"https:\/\/galerie-nadal-olivie.fr\/en\/contact\/","og_locale":"en_GB","og_type":"article","og_title":"contact - Galerie d&#039;Art Nadal-Olivi\u00e9","og_description":"La Galerie Nathalie Nadal-Olivi\u00e9 est une Galerie d'Art Abstrait install\u00e9e \u00e0 Biot dans les Alpes-maritimes. Elle expose les oeuvres de l'Artiste Peintre Nathalie Nadal-Olivi\u00e9. Notamment des tableaux r\u00e9alis\u00e9s avec de la Peinture Acrylique sur Toile de lin et sur Plexilglass.","og_url":"https:\/\/galerie-nadal-olivie.fr\/en\/contact\/","og_site_name":"Galerie d&#039;Art Nadal-Olivi\u00e9","article_publisher":"https:\/\/www.facebook.com\/galerie.nadal.olivie\/","article_modified_time":"2025-08-12T08:44:52+00:00","og_image":[{"width":1080,"height":910,"url":"https:\/\/galerie-nadal-olivie.fr\/wp-content\/uploads\/2025\/07\/photo_contact.jpg","type":"image\/jpeg"}],"twitter_card":"summary_large_image","twitter_misc":{"Estimated reading time":"1 minute"},"schema":{"@context":"https:\/\/schema.org","@graph":[{"@type":"WebPage","@id":"https:\/\/galerie-nadal-olivie.fr\/contact\/","url":"https:\/\/galerie-nadal-olivie.fr\/contact\/","name":"contact - Galerie d&#039;Art Nadal-Olivi\u00e9","isPartOf":{"@id":"https:\/\/galerie-nadal-olivie.fr\/#website"},"primaryImageOfPage":{"@id":"https:\/\/galerie-nadal-olivie.fr\/contact\/#primaryimage"},"image":{"@id":"https:\/\/galerie-nadal-olivie.fr\/contact\/#primaryimage"},"thumbnailUrl":"https:\/\/galerie-nadal-olivie.fr\/wp-content\/uploads\/2025\/07\/photo_contact.jpg","datePublished":"2019-08-10T15:42:22+00:00","dateModified":"2025-08-12T08:44:52+00:00","description":"La Galerie Nathalie Nadal-Olivi\u00e9 est une Galerie d'Art Abstrait install\u00e9e \u00e0 Biot dans les Alpes-maritimes. Elle expose les oeuvres de l'Artiste Peintre Nathalie Nadal-Olivi\u00e9. Notamment des tableaux r\u00e9alis\u00e9s avec de la Peinture Acrylique sur Toile de lin et sur Plexilglass.","breadcrumb":{"@id":"https:\/\/galerie-nadal-olivie.fr\/contact\/#breadcrumb"},"inLanguage":"en-GB","potentialAction":[{"@type":"ReadAction","target":["https:\/\/galerie-nadal-olivie.fr\/contact\/"]}]},{"@type":"ImageObject","inLanguage":"en-GB","@id":"https:\/\/galerie-nadal-olivie.fr\/contact\/#primaryimage","url":"https:\/\/galerie-nadal-olivie.fr\/wp-content\/uploads\/2025\/07\/photo_contact.jpg","contentUrl":"https:\/\/galerie-nadal-olivie.fr\/wp-content\/uploads\/2025\/07\/photo_contact.jpg"},{"@type":"BreadcrumbList","@id":"https:\/\/galerie-nadal-olivie.fr\/contact\/#breadcrumb","itemListElement":[{"@type":"ListItem","position":1,"name":"Accueil","item":"https:\/\/galerie-nadal-olivie.fr\/"},{"@type":"ListItem","position":2,"name":"contact"}]},{"@type":"WebSite","@id":"https:\/\/galerie-nadal-olivie.fr\/#website","url":"https:\/\/galerie-nadal-olivie.fr\/","name":"Galerie d&#039;Art Nadal-Olivi\u00e9","description":"Galerie d&#039;Art \u00e0 Biot (06410)","publisher":{"@id":"https:\/\/galerie-nadal-olivie.fr\/#organization"},"potentialAction":[{"@type":"SearchAction","target":{"@type":"EntryPoint","urlTemplate":"https:\/\/galerie-nadal-olivie.fr\/?s={search_term_string}"},"query-input":{"@type":"PropertyValueSpecification","valueRequired":true,"valueName":"search_term_string"}}],"inLanguage":"en-GB"},{"@type":"Organization","@id":"https:\/\/galerie-nadal-olivie.fr\/#organization","name":"GALERIE D'ART NADAL OLIVI\u00c9","url":"https:\/\/galerie-nadal-olivie.fr\/","logo":{"@type":"ImageObject","inLanguage":"en-GB","@id":"https:\/\/galerie-nadal-olivie.fr\/#\/schema\/logo\/image\/","url":"https:\/\/galerie-nadal-olivie.fr\/wp-content\/uploads\/2019\/08\/screenshot-www.galerie-nadal-olivie.fr-2019.08.31-08_44_17.png","contentUrl":"https:\/\/galerie-nadal-olivie.fr\/wp-content\/uploads\/2019\/08\/screenshot-www.galerie-nadal-olivie.fr-2019.08.31-08_44_17.png","width":541,"height":139,"caption":"GALERIE D'ART NADAL OLIVI\u00c9"},"image":{"@id":"https:\/\/galerie-nadal-olivie.fr\/#\/schema\/logo\/image\/"},"sameAs":["https:\/\/www.facebook.com\/galerie.nadal.olivie\/","https:\/\/www.instagram.com\/nathalie.nadal.olivie"]}]}},"_links":{"self":[{"href":"https:\/\/galerie-nadal-olivie.fr\/en\/wp-json\/wp\/v2\/pages\/42","targetHints":{"allow":["GET"]}}],"collection":[{"href":"https:\/\/galerie-nadal-olivie.fr\/en\/wp-json\/wp\/v2\/pages"}],"about":[{"href":"https:\/\/galerie-nadal-olivie.fr\/en\/wp-json\/wp\/v2\/types\/page"}],"author":[{"embeddable":true,"href":"https:\/\/galerie-nadal-olivie.fr\/en\/wp-json\/wp\/v2\/users\/1"}],"replies":[{"embeddable":true,"href":"https:\/\/galerie-nadal-olivie.fr\/en\/wp-json\/wp\/v2\/comments?post=42"}],"version-history":[{"count":9,"href":"https:\/\/galerie-nadal-olivie.fr\/en\/wp-json\/wp\/v2\/pages\/42\/revisions"}],"predecessor-version":[{"id":1295,"href":"https:\/\/galerie-nadal-olivie.fr\/en\/wp-json\/wp\/v2\/pages\/42\/revisions\/1295"}],"wp:attachment":[{"href":"https:\/\/galerie-nadal-olivie.fr\/en\/wp-json\/wp\/v2\/media?parent=42"}],"curies":[{"name":"wp","href":"https:\/\/api.w.org\/{rel}","templated":true}]}}