{"id":124,"date":"2019-08-11T17:59:38","date_gmt":"2019-08-11T15:59:38","guid":{"rendered":"http:\/\/192.168.0.17\/galerie-nadal-olivie-v2\/?page_id=124"},"modified":"2020-07-23T10:50:38","modified_gmt":"2020-07-23T08:50:38","slug":"oeuvres","status":"publish","type":"page","link":"https:\/\/galerie-nadal-olivie.fr\/en\/oeuvres\/","title":{"rendered":"Artwork"},"content":{"rendered":"<div data-elementor-type=\"wp-post\" data-elementor-id=\"124\" class=\"elementor elementor-124\" data-elementor-post-type=\"page\">\n\t\t\t\t\t\t<section class=\"elementor-section elementor-top-section elementor-element elementor-element-b68195c elementor-section-full_width elementor-section-height-min-height elementor-section-height-default elementor-section-items-middle\" data-id=\"b68195c\" data-element_type=\"section\" data-e-type=\"section\" data-settings=\"{&quot;background_background&quot;:&quot;classic&quot;}\">\n\t\t\t\t\t\t<div class=\"elementor-container elementor-column-gap-narrow\">\n\t\t\t\t\t<div class=\"elementor-column elementor-col-100 elementor-top-column elementor-element elementor-element-335e72c\" data-id=\"335e72c\" data-element_type=\"column\" data-e-type=\"column\">\n\t\t\t<div class=\"elementor-widget-wrap elementor-element-populated\">\n\t\t\t\t\t\t<div class=\"elementor-element elementor-element-d7b98f6 elementor-widget elementor-widget-heading\" data-id=\"d7b98f6\" data-element_type=\"widget\" data-e-type=\"widget\" data-widget_type=\"heading.default\">\n\t\t\t\t<div class=\"elementor-widget-container\">\n\t\t\t\t\t<h1 class=\"elementor-heading-title elementor-size-xl\">discover and ACQUIRE AN ORIGINAL WORK<\/h1>\t\t\t\t<\/div>\n\t\t\t\t<\/div>\n\t\t\t\t<div class=\"elementor-element elementor-element-a9e741e elementor-widget elementor-widget-text-editor\" data-id=\"a9e741e\" data-element_type=\"widget\" data-e-type=\"widget\" data-widget_type=\"text-editor.default\">\n\t\t\t\t<div class=\"elementor-widget-container\">\n\t\t\t\t\t\t\t\t\t<p>To discover all the original works of the painter Nathalie Nadal-Olivi\u00e9 (professional artist)\u00a0<a href=\"https:\/\/www.galerie-nadal-olivie.fr\/wp-content\/uploads\/2020\/07\/certification-icac-nadal-olivie-nathalie.pdf\" target=\"_blank\" rel=\"noopener\">cot\u00e9e I-CAC<\/a>), or to purchase it, visit the website <u><strong><a href=\"https:\/\/www.artmajeur.com\/nathalie-nadal-olivie\" target=\"_blank\" rel=\"noopener\">ART MAJEUR<\/a><\/strong><\/u> ou contactez la Galerie.<\/p>\t\t\t\t\t\t\t\t<\/div>\n\t\t\t\t<\/div>\n\t\t\t\t<div class=\"elementor-element elementor-element-45e9b6a elementor-align-center elementor-widget elementor-widget-button\" data-id=\"45e9b6a\" data-element_type=\"widget\" data-e-type=\"widget\" data-widget_type=\"button.default\">\n\t\t\t\t<div class=\"elementor-widget-container\">\n\t\t\t\t\t\t\t\t\t<div class=\"elementor-button-wrapper\">\n\t\t\t\t\t<a class=\"elementor-button elementor-button-link elementor-size-lg\" href=\"https:\/\/www.artmajeur.com\/nathalie-nadal-olivie\" target=\"_blank\" rel=\"nofollow\">\n\t\t\t\t\t\t<span class=\"elementor-button-content-wrapper\">\n\t\t\t\t\t\t<span class=\"elementor-button-icon\">\n\t\t\t\t<i aria-hidden=\"true\" class=\"fas fa-cart-plus\"><\/i>\t\t\t<\/span>\n\t\t\t\t\t\t\t\t\t<span class=\"elementor-button-text\">BUY ONLINE<\/span>\n\t\t\t\t\t<\/span>\n\t\t\t\t\t<\/a>\n\t\t\t\t<\/div>\n\t\t\t\t\t\t\t\t<\/div>\n\t\t\t\t<\/div>\n\t\t\t\t\t<\/div>\n\t\t<\/div>\n\t\t\t\t\t<\/div>\n\t\t<\/section>\n\t\t\t\t<section class=\"elementor-section elementor-top-section elementor-element elementor-element-95b1727 elementor-section-boxed elementor-section-height-default elementor-section-height-default\" data-id=\"95b1727\" data-element_type=\"section\" data-e-type=\"section\">\n\t\t\t\t\t\t<div class=\"elementor-container elementor-column-gap-default\">\n\t\t\t\t\t<div class=\"elementor-column elementor-col-100 elementor-top-column elementor-element elementor-element-6003b20\" data-id=\"6003b20\" data-element_type=\"column\" data-e-type=\"column\">\n\t\t\t<div class=\"elementor-widget-wrap elementor-element-populated\">\n\t\t\t\t\t\t<div class=\"elementor-element elementor-element-36bbb1e elementor-widget elementor-widget-text-editor\" data-id=\"36bbb1e\" data-element_type=\"widget\" data-e-type=\"widget\" data-widget_type=\"text-editor.default\">\n\t\t\t\t<div class=\"elementor-widget-container\">\n\t\t\t\t\t\t\t\t\t<p>D\u00e9couvrez les \u0153uvres originales de l&rsquo;Artiste peintre Nathalie Nadal-Olivi\u00e9 dans sa Galerie d&rsquo;Art au 56 de la rue Saint-S\u00e9bastien \u00e0 Biot (06410).<\/p><p>La Galerie est ouverte de Mai \u00e0 Octobre de 11h \u00e0 18h non-stop.<\/p><p>Pour les Visites sur rendez-vous, <a href=\"https:\/\/galerie-nadal-olivie.fr\/en\/contact\/\">contactez la Galerie<\/a>.<\/p>\t\t\t\t\t\t\t\t<\/div>\n\t\t\t\t<\/div>\n\t\t\t\t\t<\/div>\n\t\t<\/div>\n\t\t\t\t\t<\/div>\n\t\t<\/section>\n\t\t\t\t<\/div>","protected":false},"excerpt":{"rendered":"<p>d\u00e9couvrir ou ACQU\u00c9RIR UNE \u0152UVRE ORIGINALE Pour d\u00e9couvrir toutes les \u0153uvres originales de l&rsquo;Artiste Peintre Nathalie Nadal-Olivi\u00e9 (artiste professionnelle\u00a0cot\u00e9e I-CAC), ou en faire l&rsquo;acquisition , rendez-vous sur le site ART MAJEUR ou contactez la Galerie. acheter en ligne D\u00e9couvrez les \u0153uvres originales de l&rsquo;Artiste peintre Nathalie Nadal-Olivi\u00e9 dans sa Galerie d&rsquo;Art au 56 de la [&hellip;]<\/p>\n","protected":false},"author":1,"featured_media":0,"parent":0,"menu_order":0,"comment_status":"closed","ping_status":"closed","template":"","meta":{"footnotes":""},"class_list":["post-124","page","type-page","status-publish","hentry"],"yoast_head":"<!-- This site is optimized with the Yoast SEO plugin v27.4 - https:\/\/yoast.com\/product\/yoast-seo-wordpress\/ -->\n<title>Oeuvres - Galerie d&#039;Art Nadal-Olivi\u00e9<\/title>\n<meta name=\"description\" content=\"La Galerie Nathalie Nadal-Olivi\u00e9 est une Galerie d&#039;Art Abstrait install\u00e9e \u00e0 Biot dans les Alpes-maritimes. Elle expose les oeuvres de l&#039;Artiste Peintre Nathalie Nadal-Olivi\u00e9. Notamment des tableaux r\u00e9alis\u00e9s avec de la Peinture Acrylique sur Toile de lin et sur Plexilglass.\" \/>\n<meta name=\"robots\" content=\"index, follow, max-snippet:-1, max-image-preview:large, max-video-preview:-1\" \/>\n<link rel=\"canonical\" href=\"https:\/\/galerie-nadal-olivie.fr\/en\/oeuvres\/\" \/>\n<meta property=\"og:locale\" content=\"en_GB\" \/>\n<meta property=\"og:type\" content=\"article\" \/>\n<meta property=\"og:title\" content=\"Oeuvres - Galerie d&#039;Art Nadal-Olivi\u00e9\" \/>\n<meta property=\"og:description\" content=\"La Galerie Nathalie Nadal-Olivi\u00e9 est une Galerie d&#039;Art Abstrait install\u00e9e \u00e0 Biot dans les Alpes-maritimes. Elle expose les oeuvres de l&#039;Artiste Peintre Nathalie Nadal-Olivi\u00e9. Notamment des tableaux r\u00e9alis\u00e9s avec de la Peinture Acrylique sur Toile de lin et sur Plexilglass.\" \/>\n<meta property=\"og:url\" content=\"https:\/\/galerie-nadal-olivie.fr\/en\/oeuvres\/\" \/>\n<meta property=\"og:site_name\" content=\"Galerie d&#039;Art Nadal-Olivi\u00e9\" \/>\n<meta property=\"article:publisher\" content=\"https:\/\/www.facebook.com\/galerie.nadal.olivie\/\" \/>\n<meta property=\"article:modified_time\" content=\"2020-07-23T08:50:38+00:00\" \/>\n<meta property=\"og:image\" content=\"https:\/\/galerie-nadal-olivie.fr\/wp-content\/uploads\/2019\/08\/galerie-2good-e1585384228686.jpg\" \/>\n\t<meta property=\"og:image:width\" content=\"1100\" \/>\n\t<meta property=\"og:image:height\" content=\"550\" \/>\n\t<meta property=\"og:image:type\" content=\"image\/jpeg\" \/>\n<meta name=\"twitter:card\" content=\"summary_large_image\" \/>\n<script type=\"application\/ld+json\" class=\"yoast-schema-graph\">{\"@context\":\"https:\\\/\\\/schema.org\",\"@graph\":[{\"@type\":\"WebPage\",\"@id\":\"https:\\\/\\\/galerie-nadal-olivie.fr\\\/en\\\/oeuvres\\\/\",\"url\":\"https:\\\/\\\/galerie-nadal-olivie.fr\\\/en\\\/oeuvres\\\/\",\"name\":\"Oeuvres - Galerie d&#039;Art Nadal-Olivi\u00e9\",\"isPartOf\":{\"@id\":\"https:\\\/\\\/galerie-nadal-olivie.fr\\\/#website\"},\"datePublished\":\"2019-08-11T15:59:38+00:00\",\"dateModified\":\"2020-07-23T08:50:38+00:00\",\"description\":\"La Galerie Nathalie Nadal-Olivi\u00e9 est une Galerie d'Art Abstrait install\u00e9e \u00e0 Biot dans les Alpes-maritimes. Elle expose les oeuvres de l'Artiste Peintre Nathalie Nadal-Olivi\u00e9. Notamment des tableaux r\u00e9alis\u00e9s avec de la Peinture Acrylique sur Toile de lin et sur Plexilglass.\",\"breadcrumb\":{\"@id\":\"https:\\\/\\\/galerie-nadal-olivie.fr\\\/en\\\/oeuvres\\\/#breadcrumb\"},\"inLanguage\":\"en-GB\",\"potentialAction\":[{\"@type\":\"ReadAction\",\"target\":[\"https:\\\/\\\/galerie-nadal-olivie.fr\\\/en\\\/oeuvres\\\/\"]}]},{\"@type\":\"BreadcrumbList\",\"@id\":\"https:\\\/\\\/galerie-nadal-olivie.fr\\\/en\\\/oeuvres\\\/#breadcrumb\",\"itemListElement\":[{\"@type\":\"ListItem\",\"position\":1,\"name\":\"Accueil\",\"item\":\"https:\\\/\\\/galerie-nadal-olivie.fr\\\/\"},{\"@type\":\"ListItem\",\"position\":2,\"name\":\"Oeuvres\"}]},{\"@type\":\"WebSite\",\"@id\":\"https:\\\/\\\/galerie-nadal-olivie.fr\\\/#website\",\"url\":\"https:\\\/\\\/galerie-nadal-olivie.fr\\\/\",\"name\":\"Galerie d&#039;Art Nadal-Olivi\u00e9\",\"description\":\"Galerie d&#039;Art \u00e0 Biot (06410)\",\"publisher\":{\"@id\":\"https:\\\/\\\/galerie-nadal-olivie.fr\\\/#organization\"},\"potentialAction\":[{\"@type\":\"SearchAction\",\"target\":{\"@type\":\"EntryPoint\",\"urlTemplate\":\"https:\\\/\\\/galerie-nadal-olivie.fr\\\/?s={search_term_string}\"},\"query-input\":{\"@type\":\"PropertyValueSpecification\",\"valueRequired\":true,\"valueName\":\"search_term_string\"}}],\"inLanguage\":\"en-GB\"},{\"@type\":\"Organization\",\"@id\":\"https:\\\/\\\/galerie-nadal-olivie.fr\\\/#organization\",\"name\":\"GALERIE D'ART NADAL OLIVI\u00c9\",\"url\":\"https:\\\/\\\/galerie-nadal-olivie.fr\\\/\",\"logo\":{\"@type\":\"ImageObject\",\"inLanguage\":\"en-GB\",\"@id\":\"https:\\\/\\\/galerie-nadal-olivie.fr\\\/#\\\/schema\\\/logo\\\/image\\\/\",\"url\":\"https:\\\/\\\/galerie-nadal-olivie.fr\\\/wp-content\\\/uploads\\\/2019\\\/08\\\/screenshot-www.galerie-nadal-olivie.fr-2019.08.31-08_44_17.png\",\"contentUrl\":\"https:\\\/\\\/galerie-nadal-olivie.fr\\\/wp-content\\\/uploads\\\/2019\\\/08\\\/screenshot-www.galerie-nadal-olivie.fr-2019.08.31-08_44_17.png\",\"width\":541,\"height\":139,\"caption\":\"GALERIE D'ART NADAL OLIVI\u00c9\"},\"image\":{\"@id\":\"https:\\\/\\\/galerie-nadal-olivie.fr\\\/#\\\/schema\\\/logo\\\/image\\\/\"},\"sameAs\":[\"https:\\\/\\\/www.facebook.com\\\/galerie.nadal.olivie\\\/\",\"https:\\\/\\\/www.instagram.com\\\/nathalie.nadal.olivie\"]}]}<\/script>\n<!-- \/ Yoast SEO plugin. -->","yoast_head_json":{"title":"Oeuvres - Galerie d&#039;Art Nadal-Olivi\u00e9","description":"La Galerie Nathalie Nadal-Olivi\u00e9 est une Galerie d'Art Abstrait install\u00e9e \u00e0 Biot dans les Alpes-maritimes. Elle expose les oeuvres de l'Artiste Peintre Nathalie Nadal-Olivi\u00e9. Notamment des tableaux r\u00e9alis\u00e9s avec de la Peinture Acrylique sur Toile de lin et sur Plexilglass.","robots":{"index":"index","follow":"follow","max-snippet":"max-snippet:-1","max-image-preview":"max-image-preview:large","max-video-preview":"max-video-preview:-1"},"canonical":"https:\/\/galerie-nadal-olivie.fr\/en\/oeuvres\/","og_locale":"en_GB","og_type":"article","og_title":"Oeuvres - Galerie d&#039;Art Nadal-Olivi\u00e9","og_description":"La Galerie Nathalie Nadal-Olivi\u00e9 est une Galerie d'Art Abstrait install\u00e9e \u00e0 Biot dans les Alpes-maritimes. Elle expose les oeuvres de l'Artiste Peintre Nathalie Nadal-Olivi\u00e9. Notamment des tableaux r\u00e9alis\u00e9s avec de la Peinture Acrylique sur Toile de lin et sur Plexilglass.","og_url":"https:\/\/galerie-nadal-olivie.fr\/en\/oeuvres\/","og_site_name":"Galerie d&#039;Art Nadal-Olivi\u00e9","article_publisher":"https:\/\/www.facebook.com\/galerie.nadal.olivie\/","article_modified_time":"2020-07-23T08:50:38+00:00","og_image":[{"width":1100,"height":550,"url":"https:\/\/galerie-nadal-olivie.fr\/wp-content\/uploads\/2019\/08\/galerie-2good-e1585384228686.jpg","type":"image\/jpeg"}],"twitter_card":"summary_large_image","schema":{"@context":"https:\/\/schema.org","@graph":[{"@type":"WebPage","@id":"https:\/\/galerie-nadal-olivie.fr\/en\/oeuvres\/","url":"https:\/\/galerie-nadal-olivie.fr\/en\/oeuvres\/","name":"Oeuvres - Galerie d&#039;Art Nadal-Olivi\u00e9","isPartOf":{"@id":"https:\/\/galerie-nadal-olivie.fr\/#website"},"datePublished":"2019-08-11T15:59:38+00:00","dateModified":"2020-07-23T08:50:38+00:00","description":"La Galerie Nathalie Nadal-Olivi\u00e9 est une Galerie d'Art Abstrait install\u00e9e \u00e0 Biot dans les Alpes-maritimes. Elle expose les oeuvres de l'Artiste Peintre Nathalie Nadal-Olivi\u00e9. Notamment des tableaux r\u00e9alis\u00e9s avec de la Peinture Acrylique sur Toile de lin et sur Plexilglass.","breadcrumb":{"@id":"https:\/\/galerie-nadal-olivie.fr\/en\/oeuvres\/#breadcrumb"},"inLanguage":"en-GB","potentialAction":[{"@type":"ReadAction","target":["https:\/\/galerie-nadal-olivie.fr\/en\/oeuvres\/"]}]},{"@type":"BreadcrumbList","@id":"https:\/\/galerie-nadal-olivie.fr\/en\/oeuvres\/#breadcrumb","itemListElement":[{"@type":"ListItem","position":1,"name":"Accueil","item":"https:\/\/galerie-nadal-olivie.fr\/"},{"@type":"ListItem","position":2,"name":"Oeuvres"}]},{"@type":"WebSite","@id":"https:\/\/galerie-nadal-olivie.fr\/#website","url":"https:\/\/galerie-nadal-olivie.fr\/","name":"Galerie d&#039;Art Nadal-Olivi\u00e9","description":"Galerie d&#039;Art \u00e0 Biot (06410)","publisher":{"@id":"https:\/\/galerie-nadal-olivie.fr\/#organization"},"potentialAction":[{"@type":"SearchAction","target":{"@type":"EntryPoint","urlTemplate":"https:\/\/galerie-nadal-olivie.fr\/?s={search_term_string}"},"query-input":{"@type":"PropertyValueSpecification","valueRequired":true,"valueName":"search_term_string"}}],"inLanguage":"en-GB"},{"@type":"Organization","@id":"https:\/\/galerie-nadal-olivie.fr\/#organization","name":"GALERIE D'ART NADAL OLIVI\u00c9","url":"https:\/\/galerie-nadal-olivie.fr\/","logo":{"@type":"ImageObject","inLanguage":"en-GB","@id":"https:\/\/galerie-nadal-olivie.fr\/#\/schema\/logo\/image\/","url":"https:\/\/galerie-nadal-olivie.fr\/wp-content\/uploads\/2019\/08\/screenshot-www.galerie-nadal-olivie.fr-2019.08.31-08_44_17.png","contentUrl":"https:\/\/galerie-nadal-olivie.fr\/wp-content\/uploads\/2019\/08\/screenshot-www.galerie-nadal-olivie.fr-2019.08.31-08_44_17.png","width":541,"height":139,"caption":"GALERIE D'ART NADAL OLIVI\u00c9"},"image":{"@id":"https:\/\/galerie-nadal-olivie.fr\/#\/schema\/logo\/image\/"},"sameAs":["https:\/\/www.facebook.com\/galerie.nadal.olivie\/","https:\/\/www.instagram.com\/nathalie.nadal.olivie"]}]}},"_links":{"self":[{"href":"https:\/\/galerie-nadal-olivie.fr\/en\/wp-json\/wp\/v2\/pages\/124","targetHints":{"allow":["GET"]}}],"collection":[{"href":"https:\/\/galerie-nadal-olivie.fr\/en\/wp-json\/wp\/v2\/pages"}],"about":[{"href":"https:\/\/galerie-nadal-olivie.fr\/en\/wp-json\/wp\/v2\/types\/page"}],"author":[{"embeddable":true,"href":"https:\/\/galerie-nadal-olivie.fr\/en\/wp-json\/wp\/v2\/users\/1"}],"replies":[{"embeddable":true,"href":"https:\/\/galerie-nadal-olivie.fr\/en\/wp-json\/wp\/v2\/comments?post=124"}],"version-history":[{"count":0,"href":"https:\/\/galerie-nadal-olivie.fr\/en\/wp-json\/wp\/v2\/pages\/124\/revisions"}],"wp:attachment":[{"href":"https:\/\/galerie-nadal-olivie.fr\/en\/wp-json\/wp\/v2\/media?parent=124"}],"curies":[{"name":"wp","href":"https:\/\/api.w.org\/{rel}","templated":true}]}}